{"id":3,"date":"2022-02-23T14:48:44","date_gmt":"2022-02-23T14:48:44","guid":{"rendered":"https:\/\/demo.creativethemes.com\/stagingfour\/?page_id=3"},"modified":"2026-01-02T17:40:40","modified_gmt":"2026-01-02T16:40:40","slug":"politique-de-confidentialite","status":"publish","type":"page","link":"https:\/\/ellebedesign.com\/index.php\/accueil\/politique-de-confidentialite\/","title":{"rendered":"Politique de confidentialit\u00e9"},"content":{"rendered":"\n<h3 class=\"wp-block-heading has-text-align-center has-palette-color-1-color has-text-color has-link-color wp-elements-ced353924904256052597bea9cd151a9\">Politique de confidentialit\u00e9<\/h3>\n\n\n\n<p><em><span style=\"color: var(--paletteColor2, #313B46);\" class=\"stk-highlight\">valables \u00e0 compter du 01\/12\/2023<\/span><\/em><br>Raison sociale : eLLeBe Design<br>Statut :&nbsp;Titulaire du CAPE C1044, \u00e9ch\u00e9ant le 31\/03\/2024<br>Structure d\u2019appui PCE, Tech\u2019Indus D \u2013 645 Rue Mayor de Montricher \u2013 13290 Aix en Provence<br>Infos&nbsp;<a href=\"https:\/\/www.pce-couveuse.fr\/\"><em>www.pce-couveuse.fr<\/em><\/a><br>SIRET 42319430700033 \u2013 APE 9499Z<br>Contrat RCP multiactivit\u00e9 professionnelle AXA \/ N\u00b0 client 0693499104 \u2013 N\u00b0 contrat 1353589504<\/p>\n\n\n\n<p>Cr\u00e9ation du site : Ludivine Brion, site wordpress h\u00e9berg\u00e9 par Hostinger&nbsp;International Ltd&nbsp;<\/p>\n\n\n\n<h2 class=\"wp-block-heading has-palette-color-1-color has-text-color has-link-color wp-elements-197b39af8fda8f123d0edaf05bd54191\">Donn\u00e9es personnelles collect\u00e9es&nbsp;:<\/h2>\n\n\n\n<h3 class=\"wp-block-heading has-palette-color-1-color has-text-color has-link-color wp-elements-7d28800451dfb5fcc0c30d06934b0508\">Commentaires<\/h3>\n\n\n\n<p>Quand vous laissez un commentaire sur les pages de mon site web qui le permettent, les donn\u00e9es inscrites dans le formulaire de commentaire, mais aussi votre adresse IP et l\u2019agent utilisateur de votre navigateur sont collect\u00e9s pour m\u2019aider \u00e0 la d\u00e9tection des commentaires ind\u00e9sirables.<\/p>\n\n\n\n<h3 class=\"wp-block-heading has-palette-color-1-color has-text-color has-link-color wp-elements-ef106af028ab23bb0a722ecb331b7d7c\">T\u00e9moignages et avis<\/h3>\n\n\n\n<p>Si nous avons travaill\u00e9 ensemble, vous avez eu la possibilit\u00e9 de donner votre avis sur ma prestation \u00e0 partir du lien Google communiqu\u00e9 par mes soins. Quand vous r\u00e9digez un avis via\u00a0<a href=\"https:\/\/www.google.com\/search?q=ellebe+design&amp;sca_esv=21ebcb35741cea19&amp;hl=fr-FR&amp;gl=fr&amp;sxsrf=ACQVn09mG-SfwDl258X9so1jIvJ2U9xu7Q%3A1707410327611&amp;ei=lwPFZczXJOGH9u8P2LWZoAg&amp;ved=0ahUKEwiM_7-Ql5yEAxXhg_0HHdhaBoQQ4dUDCBA&amp;uact=5&amp;oq=ellebe+design&amp;gs_lp=Egxnd3Mtd2l6LXNlcnAiDWVsbGViZSBkZXNpZ24yBBAjGCdIlkBQpA9Ysz5wCngAkAEAmAGXAaABsBWqAQQwLjIyuAEDyAEA-AEBqAIUwgIKECMYgAQYigUYJ8ICCxAAGIAEGLEDGIMBwgIREC4YgAQYsQMYgwEYxwEY0QPCAgsQLhiABBixAxiDAcICDhAuGIAEGLEDGMcBGNEDwgIKEAAYgAQYigUYQ8ICChAuGIAEGIoFGEPCAhEQLhiABBixAxiDARjHARivAcICBRAAGIAEwgIOEAAYgAQYigUYkgMYuATCAgsQABiABBiKBRiSA8ICDhAAGIAEGLEDGIMBGMkDwgIQEC4YgAQYigUYQxixAxiDAcICGRAuGIAEGIoFGEMYlwUY3AQY3gQY3wTYAQHCAggQLhiABBixA8ICDRAuGIAEGIoFGEMYsQPCAggQABiABBixA8ICCxAuGIAEGMcBGK8BwgIFEC4YgATCAhcQLhiABBixAxiXBRjcBBjeBBjfBNgBAcICBxAjGOoCGCfCAhYQABgDGI8BGOUCGOoCGLQCGIwD2AECwgIWEC4YAxiPARjlAhjqAhi0AhiMA9gBAsICExAuGIAEGIoFGMcBGK8BGI4FGCfCAg4QLhiABBjHARivARiOBcICDhAuGIAEGIoFGLEDGIMBwgINEC4YChjUAhixAxiABMICCxAuGK8BGMcBGIAEwgIKEC4YChixAxiABMICBxAAGIAEGArCAg0QLhiABBjHARivARgKwgINEC4YgAQYExjHARivAcICCRAuGIAEGBMYCsICBhAAGB4YE8ICCBAAGB4YExgKwgIKEC4YBRgeGBMYCsICChAAGAUYHhgTGAriAwQYASBBiAYBugYGCAEQARgUugYGCAIQARgL&amp;sclient=gws-wiz-serp\" target=\"_blank\" rel=\"noopener\" title=\"\">Google<\/a>, vous vous connectez \u00e0 votre compte Google. Google g\u00e8re vos donn\u00e9es selon sa propre politique de confidentialit\u00e9. Je collecte les donn\u00e9es suivantes : la photo, le nom et le pr\u00e9nom associ\u00e9s \u00e0 votre compte Google, la note sur 5 que vous me donnez, votre t\u00e9moignage \u00e9crit et les \u00e9ventuelles photos que vous ajoutez \u00e0 votre avis.<\/p>\n\n\n\n<h3 class=\"wp-block-heading has-palette-color-1-color has-text-color has-link-color wp-elements-4d6ec1f1099d4a578e032f3810747a64\">Formulaires de contact et de t\u00e9l\u00e9chargement<\/h3>\n\n\n\n<p>Les 2 formulaires de contacts pr\u00e9sents sur le site (\u00ab\u00a0prendre RDV\u00a0\u00bb et \u00ab\u00a0Demande de devis ou d&rsquo;informations\u00a0\u00bb) ainsi que le formulaire permettant de t\u00e9l\u00e9charger l&rsquo;e-book permettent la collection des informations suivantes : nom, pr\u00e9nom, adresse e-mail et num\u00e9ro de t\u00e9l\u00e9phone.<\/p>\n\n\n\n<h3 class=\"wp-block-heading has-palette-color-1-color has-text-color has-link-color wp-elements-944972bbeebf0b2aace7e1377cda881a\">Cookies<\/h3>\n\n\n\n<p>Si vous d\u00e9posez un commentaire sur le site, il vous sera propos\u00e9 d\u2019enregistrer votre nom et adresse de messagerie dans des cookies. C\u2019est uniquement pour votre confort afin de ne pas avoir \u00e0 saisir ces informations si vous d\u00e9posez un autre commentaire plus tard. Ces cookies expirent au bout de 3 mois.<\/p>\n\n\n\n<h3 class=\"wp-block-heading has-palette-color-1-color has-text-color has-link-color wp-elements-c7c1734e5f4b4d9c0bac4cfa68ddc7a5\">Comportement<\/h3>\n\n\n\n<p>Votre comportement sur ce site web est analys\u00e9 par Google Analytics qui collecte un certain nombre de donn\u00e9es (g\u00e9ographiques, d\u00e9mographiques, sexe, comportement sur le site, dur\u00e9e de la session, etc). Les donn\u00e9es r\u00e9colt\u00e9es sont conserv\u00e9es 26 mois sur mon compte Google Analytics. Ces donn\u00e9es sont utilis\u00e9es \u00e0 des fin statistiques et ne seront pas divulgu\u00e9es.<\/p>\n\n\n\n<h2 class=\"wp-block-heading has-palette-color-1-color has-text-color has-link-color wp-elements-ee9632b1500bc863bd258b69aee1c391\">Utilisation et transmission de vos donn\u00e9es&nbsp;:<\/h2>\n\n\n\n<h3 class=\"wp-block-heading has-palette-color-1-color has-text-color has-link-color wp-elements-67c9b58a72a415ca4a86b8733c94c549\">Utilisation des informations personnelles<\/h3>\n\n\n\n<p>Les donn\u00e9es que je recueille \u00e0 partir des formulaires de contact sont utilis\u00e9es uniquement pour vous contacter par e-mail \u00e0 des fins professionnelles. Les informations que vous me communiquez via les formulaires de contact ne seront jamais vendues, \u00e9chang\u00e9es, transmises ou donn\u00e9es \u00e0 des soci\u00e9t\u00e9 tierces sans votre consentement \u00e9crit.<\/p>\n\n\n\n<p>Les donn\u00e9es inscrites dans le formulaire de commentaires, votre adresse IP et l\u2019agent utilisateur de votre navigateur sont collect\u00e9s pour m\u2019aider \u00e0 la d\u00e9tection des commentaires ind\u00e9sirables. Les commentaires peuvent \u00eatre v\u00e9rifi\u00e9s \u00e0 l\u2019aide d\u2019un service automatis\u00e9 de d\u00e9tection des commentaires ind\u00e9sirables.<\/p>\n\n\n\n<p>Les donn\u00e9es collect\u00e9es par Google pour recevoir les avis et t\u00e9moignages de mes clients sont utilis\u00e9es pour mettre en valeur mon activit\u00e9. J\u2019utilise votre pr\u00e9nom, l\u2019initiale de votre nom et le commentaire que vous avez laiss\u00e9 pour republier votre t\u00e9moignage sur mes r\u00e9seaux sociaux: facebook, instagram et linkedIn.<\/p>\n\n\n\n<h3 class=\"wp-block-heading has-palette-color-1-color has-text-color has-link-color wp-elements-4d6624748e5b1a651ae013d4ecd644f4\">Divulgation \u00e0 des tiers<\/h3>\n\n\n\n<p>Vos donn\u00e9es (nom, pr\u00e9nom, adresse e-mail) peuvent \u00eatre communiqu\u00e9es \u00e0 mes partenaires dans le cadre du suivi et de la r\u00e9alisation d&rsquo;un projet num\u00e9rique. Je vous demanderai votre accord \u00e9crit avant communication de ces donn\u00e9es.<\/p>\n\n\n\n<h2 class=\"wp-block-heading has-palette-color-1-color has-text-color has-link-color wp-elements-431a5cce8a7801c844a1f6d983269aa2\">Dur\u00e9e de stockage de vos donn\u00e9es<\/h2>\n\n\n\n<p>Si vous laissez un commentaire, le commentaire et ses m\u00e9tadonn\u00e9es sont conserv\u00e9s ind\u00e9finiment. Cela permet de reconna\u00eetre et approuver automatiquement les commentaires suivants au lieu de les laisser dans la file de mod\u00e9ration.<\/p>\n\n\n\n<h2 class=\"wp-block-heading has-palette-color-1-color has-text-color has-link-color wp-elements-7bb287aa8c1781fe66785affd79b2589\">S\u00e9curit\u00e9 de vos donn\u00e9es<\/h2>\n\n\n\n<p>L\u2019ensemble des donn\u00e9es que vous me communiquez est stock\u00e9 sur mon serveur web (h\u00e9berg\u00e9 par Hostinger&nbsp;International Ltd) et sur mon ordinateur professionnel. Le serveur et mon ordinateur sont prot\u00e9g\u00e9s par des mots de passe s\u00e9curis\u00e9s, dans des environnements s\u00e9curis\u00e9s.<\/p>\n\n\n\n<h2 class=\"wp-block-heading has-palette-color-1-color has-text-color has-link-color wp-elements-e2a7afd396e3122508ddccf913541cdb\">Vos droits concernant vos donn\u00e9es<\/h2>\n\n\n\n<p>Si vous avez laiss\u00e9 des commentaires sur le site, vous pouvez demander \u00e0 recevoir un fichier contenant toutes les donn\u00e9es personnelles que je poss\u00e8de \u00e0 votre sujet, incluant celles que vous m\u2019avez fournies. Vous pouvez \u00e9galement demander la suppression des donn\u00e9es personnelles vous concernant. Cela ne prend pas en compte les donn\u00e9es stock\u00e9es \u00e0 des fins administratives, l\u00e9gales ou pour des raisons de s\u00e9curit\u00e9.<\/p>\n\n\n\n<p>Les donn\u00e9es que vous m\u2019avez transmises via un formulaire de contact sont conserv\u00e9es dans mon carnet de contact personnel et priv\u00e9 au maximum 3 ans apr\u00e8s notre dernier \u00e9change. A tout moment, vous pouvez me demander de supprimer votre nom, votre pr\u00e9nom et votre adresse e-mail de mon carnet de contacts si vous ne souhaitez plus y figurer, en me faisant la demande par \u00e9crit \u00e0 l&rsquo;adresse ludivine.brion@ellebedesign.com.<\/p>\n\n\n\n<p>Si vous avez publi\u00e9 un avis sur&nbsp;<a href=\"https:\/\/bit.ly\/2M233VI\">ma page Google<\/a>&nbsp;et que vous souhaitez le supprimer, veuillez faire valoir vos droits directement aupr\u00e8s de Google. Je peux supprimer la copie de votre avis sur d&rsquo;\u00e9ventuelles publications sur mes r\u00e9seaux sociaux ou sur mon site en m&rsquo;en faisant la demande par \u00e9crit \u00e0 l&rsquo;adresse ludivine.brion@ellebedesign.com.<\/p>\n\n\n\n<h5 class=\"wp-block-heading has-palette-color-1-color has-text-color has-link-color wp-elements-a515f22b53ee14cdf0a56051d9a9b0fd\">Contacts et site web<\/h5>\n\n\n\n<p class=\"has-palette-color-3-color has-text-color has-link-color wp-elements-97e791c106a6d4aeb3c89d1fd4cd3058\" style=\"font-size:clamp(14px, 0.875rem + ((1vw - 3.2px) * 0.078), 15px);line-height:0.4\">NUMERO DE TELEPHONE: 06.75.27.57.58<\/p>\n\n\n\n<p class=\"has-link-color wp-elements-3105e4f0c665f979d54eef3892984c62\" style=\"font-size:clamp(14px, 0.875rem + ((1vw - 3.2px) * 0.078), 15px);line-height:0.4\">MAIL: ludivine.brion@ellebedesign.com<\/p>\n\n\n\n<div class=\"wp-block-buttons is-content-justification-left is-layout-flex wp-container-core-buttons-is-layout-707e8927 wp-block-buttons-is-layout-flex\" style=\"margin-top:var(--wp--preset--spacing--70);margin-bottom:0\">\n<div class=\"wp-block-button is-style-fill\"><a class=\"wp-block-button__link has-text-align-center wp-element-button\" href=\"https:\/\/ellebedesign.com\" style=\"border-radius:0px;padding-top:0;padding-bottom:0\">RETOUR<\/a><\/div>\n<\/div>\n","protected":false},"excerpt":{"rendered":"<p>Politique de confidentialit\u00e9 valables \u00e0 compter du 01\/12\/2023Raison sociale : eLLeBe DesignStatut :&nbsp;Titulaire du CAPE C1044, \u00e9ch\u00e9ant le 31\/03\/2024Structure d\u2019appui PCE, Tech\u2019Indus D \u2013 645 Rue Mayor de Montricher \u2013 13290 Aix en ProvenceInfos&nbsp;www.pce-couveuse.frSIRET 42319430700033 \u2013 APE 9499ZContrat RCP multiactivit\u00e9 professionnelle AXA \/ N\u00b0 client 0693499104 \u2013 N\u00b0 contrat 1353589504 Cr\u00e9ation du site : Ludivine [&hellip;]<\/p>\n","protected":false},"author":1,"featured_media":0,"parent":772,"menu_order":2,"comment_status":"closed","ping_status":"closed","template":"","meta":{"_monsterinsights_skip_tracking":false,"_monsterinsights_sitenote_active":false,"_monsterinsights_sitenote_note":"","_monsterinsights_sitenote_category":0,"footnotes":""},"class_list":["post-3","page","type-page","status-publish","hentry"],"blocksy_meta":{"styles_descriptor":{"styles":{"desktop":"","tablet":"","mobile":""},"google_fonts":[],"version":6}},"yoast_head":"<!-- This site is optimized with the Yoast SEO plugin v27.5 - https:\/\/yoast.com\/product\/yoast-seo-wordpress\/ -->\n<title>Cr\u00e9atrice graphique ~ Politique de confidentialit\u00e9<\/title>\n<meta name=\"description\" content=\"Retrouvez ici tous les d\u00e9tails d&#039;utilisation de vos donn\u00e9es, en accord avec la R\u00e8glementation G\u00e9n\u00e9rale sur la Protection des Donn\u00e9es (RGPD).\" \/>\n<meta name=\"robots\" content=\"index, follow, max-snippet:-1, max-image-preview:large, max-video-preview:-1\" \/>\n<link rel=\"canonical\" href=\"https:\/\/ellebedesign.com\/index.php\/accueil\/politique-de-confidentialite\/\" \/>\n<meta property=\"og:locale\" content=\"fr_FR\" \/>\n<meta property=\"og:type\" content=\"article\" \/>\n<meta property=\"og:title\" content=\"Cr\u00e9atrice graphique ~ Politique de confidentialit\u00e9\" \/>\n<meta property=\"og:description\" content=\"Retrouvez ici tous les d\u00e9tails d&#039;utilisation de vos donn\u00e9es, en accord avec la R\u00e8glementation G\u00e9n\u00e9rale sur la Protection des Donn\u00e9es (RGPD).\" \/>\n<meta property=\"og:url\" content=\"https:\/\/ellebedesign.com\/index.php\/accueil\/politique-de-confidentialite\/\" \/>\n<meta property=\"og:site_name\" content=\"eLLeBe Design\" \/>\n<meta property=\"article:publisher\" content=\"https:\/\/www.facebook.com\/profile.php?id=100092258326348&amp;locale=fr_FR\" \/>\n<meta property=\"article:modified_time\" content=\"2026-01-02T16:40:40+00:00\" \/>\n<meta name=\"twitter:card\" content=\"summary_large_image\" \/>\n<meta name=\"twitter:label1\" content=\"Dur\u00e9e de lecture estim\u00e9e\" \/>\n\t<meta name=\"twitter:data1\" content=\"5 minutes\" \/>\n<script type=\"application\/ld+json\" class=\"yoast-schema-graph\">{\"@context\":\"https:\\\/\\\/schema.org\",\"@graph\":[{\"@type\":\"WebPage\",\"@id\":\"https:\\\/\\\/ellebedesign.com\\\/index.php\\\/accueil\\\/politique-de-confidentialite\\\/\",\"url\":\"https:\\\/\\\/ellebedesign.com\\\/index.php\\\/accueil\\\/politique-de-confidentialite\\\/\",\"name\":\"Cr\u00e9atrice graphique ~ Politique de confidentialit\u00e9\",\"isPartOf\":{\"@id\":\"https:\\\/\\\/ellebedesign.com\\\/#website\"},\"datePublished\":\"2022-02-23T14:48:44+00:00\",\"dateModified\":\"2026-01-02T16:40:40+00:00\",\"description\":\"Retrouvez ici tous les d\u00e9tails d'utilisation de vos donn\u00e9es, en accord avec la R\u00e8glementation G\u00e9n\u00e9rale sur la Protection des Donn\u00e9es (RGPD).\",\"breadcrumb\":{\"@id\":\"https:\\\/\\\/ellebedesign.com\\\/index.php\\\/accueil\\\/politique-de-confidentialite\\\/#breadcrumb\"},\"inLanguage\":\"fr-FR\",\"potentialAction\":[{\"@type\":\"ReadAction\",\"target\":[\"https:\\\/\\\/ellebedesign.com\\\/index.php\\\/accueil\\\/politique-de-confidentialite\\\/\"]}]},{\"@type\":\"BreadcrumbList\",\"@id\":\"https:\\\/\\\/ellebedesign.com\\\/index.php\\\/accueil\\\/politique-de-confidentialite\\\/#breadcrumb\",\"itemListElement\":[{\"@type\":\"ListItem\",\"position\":1,\"name\":\"Accueil\",\"item\":\"https:\\\/\\\/ellebedesign.com\\\/\"},{\"@type\":\"ListItem\",\"position\":2,\"name\":\"Accueil\",\"item\":\"https:\\\/\\\/ellebedesign.com\\\/\"},{\"@type\":\"ListItem\",\"position\":3,\"name\":\"Politique de confidentialit\u00e9\"}]},{\"@type\":\"WebSite\",\"@id\":\"https:\\\/\\\/ellebedesign.com\\\/#website\",\"url\":\"https:\\\/\\\/ellebedesign.com\\\/\",\"name\":\"eLLeBe Design\",\"description\":\"Un projet qui rayonne, \u00e7a commence par ta com&#039; !\",\"publisher\":{\"@id\":\"https:\\\/\\\/ellebedesign.com\\\/#organization\"},\"potentialAction\":[{\"@type\":\"SearchAction\",\"target\":{\"@type\":\"EntryPoint\",\"urlTemplate\":\"https:\\\/\\\/ellebedesign.com\\\/?s={search_term_string}\"},\"query-input\":{\"@type\":\"PropertyValueSpecification\",\"valueRequired\":true,\"valueName\":\"search_term_string\"}}],\"inLanguage\":\"fr-FR\"},{\"@type\":\"Organization\",\"@id\":\"https:\\\/\\\/ellebedesign.com\\\/#organization\",\"name\":\"eLLeBe Design\",\"url\":\"https:\\\/\\\/ellebedesign.com\\\/\",\"logo\":{\"@type\":\"ImageObject\",\"inLanguage\":\"fr-FR\",\"@id\":\"https:\\\/\\\/ellebedesign.com\\\/#\\\/schema\\\/logo\\\/image\\\/\",\"url\":\"https:\\\/\\\/ellebedesign.com\\\/wp-content\\\/uploads\\\/2023\\\/11\\\/eLLeBe_logo-square.png\",\"contentUrl\":\"https:\\\/\\\/ellebedesign.com\\\/wp-content\\\/uploads\\\/2023\\\/11\\\/eLLeBe_logo-square.png\",\"width\":4501,\"height\":4501,\"caption\":\"eLLeBe Design\"},\"image\":{\"@id\":\"https:\\\/\\\/ellebedesign.com\\\/#\\\/schema\\\/logo\\\/image\\\/\"},\"sameAs\":[\"https:\\\/\\\/www.facebook.com\\\/profile.php?id=100092258326348&locale=fr_FR\",\"https:\\\/\\\/www.instagram.com\\\/ellebe_design\\\/\",\"https:\\\/\\\/www.linkedin.com\\\/in\\\/ludivine-brion-24541186\\\/\"]}]}<\/script>\n<!-- \/ Yoast SEO plugin. -->","yoast_head_json":{"title":"Cr\u00e9atrice graphique ~ Politique de confidentialit\u00e9","description":"Retrouvez ici tous les d\u00e9tails d'utilisation de vos donn\u00e9es, en accord avec la R\u00e8glementation G\u00e9n\u00e9rale sur la Protection des Donn\u00e9es (RGPD).","robots":{"index":"index","follow":"follow","max-snippet":"max-snippet:-1","max-image-preview":"max-image-preview:large","max-video-preview":"max-video-preview:-1"},"canonical":"https:\/\/ellebedesign.com\/index.php\/accueil\/politique-de-confidentialite\/","og_locale":"fr_FR","og_type":"article","og_title":"Cr\u00e9atrice graphique ~ Politique de confidentialit\u00e9","og_description":"Retrouvez ici tous les d\u00e9tails d'utilisation de vos donn\u00e9es, en accord avec la R\u00e8glementation G\u00e9n\u00e9rale sur la Protection des Donn\u00e9es (RGPD).","og_url":"https:\/\/ellebedesign.com\/index.php\/accueil\/politique-de-confidentialite\/","og_site_name":"eLLeBe Design","article_publisher":"https:\/\/www.facebook.com\/profile.php?id=100092258326348&locale=fr_FR","article_modified_time":"2026-01-02T16:40:40+00:00","twitter_card":"summary_large_image","twitter_misc":{"Dur\u00e9e de lecture estim\u00e9e":"5 minutes"},"schema":{"@context":"https:\/\/schema.org","@graph":[{"@type":"WebPage","@id":"https:\/\/ellebedesign.com\/index.php\/accueil\/politique-de-confidentialite\/","url":"https:\/\/ellebedesign.com\/index.php\/accueil\/politique-de-confidentialite\/","name":"Cr\u00e9atrice graphique ~ Politique de confidentialit\u00e9","isPartOf":{"@id":"https:\/\/ellebedesign.com\/#website"},"datePublished":"2022-02-23T14:48:44+00:00","dateModified":"2026-01-02T16:40:40+00:00","description":"Retrouvez ici tous les d\u00e9tails d'utilisation de vos donn\u00e9es, en accord avec la R\u00e8glementation G\u00e9n\u00e9rale sur la Protection des Donn\u00e9es (RGPD).","breadcrumb":{"@id":"https:\/\/ellebedesign.com\/index.php\/accueil\/politique-de-confidentialite\/#breadcrumb"},"inLanguage":"fr-FR","potentialAction":[{"@type":"ReadAction","target":["https:\/\/ellebedesign.com\/index.php\/accueil\/politique-de-confidentialite\/"]}]},{"@type":"BreadcrumbList","@id":"https:\/\/ellebedesign.com\/index.php\/accueil\/politique-de-confidentialite\/#breadcrumb","itemListElement":[{"@type":"ListItem","position":1,"name":"Accueil","item":"https:\/\/ellebedesign.com\/"},{"@type":"ListItem","position":2,"name":"Accueil","item":"https:\/\/ellebedesign.com\/"},{"@type":"ListItem","position":3,"name":"Politique de confidentialit\u00e9"}]},{"@type":"WebSite","@id":"https:\/\/ellebedesign.com\/#website","url":"https:\/\/ellebedesign.com\/","name":"eLLeBe Design","description":"Un projet qui rayonne, \u00e7a commence par ta com&#039; !","publisher":{"@id":"https:\/\/ellebedesign.com\/#organization"},"potentialAction":[{"@type":"SearchAction","target":{"@type":"EntryPoint","urlTemplate":"https:\/\/ellebedesign.com\/?s={search_term_string}"},"query-input":{"@type":"PropertyValueSpecification","valueRequired":true,"valueName":"search_term_string"}}],"inLanguage":"fr-FR"},{"@type":"Organization","@id":"https:\/\/ellebedesign.com\/#organization","name":"eLLeBe Design","url":"https:\/\/ellebedesign.com\/","logo":{"@type":"ImageObject","inLanguage":"fr-FR","@id":"https:\/\/ellebedesign.com\/#\/schema\/logo\/image\/","url":"https:\/\/ellebedesign.com\/wp-content\/uploads\/2023\/11\/eLLeBe_logo-square.png","contentUrl":"https:\/\/ellebedesign.com\/wp-content\/uploads\/2023\/11\/eLLeBe_logo-square.png","width":4501,"height":4501,"caption":"eLLeBe Design"},"image":{"@id":"https:\/\/ellebedesign.com\/#\/schema\/logo\/image\/"},"sameAs":["https:\/\/www.facebook.com\/profile.php?id=100092258326348&locale=fr_FR","https:\/\/www.instagram.com\/ellebe_design\/","https:\/\/www.linkedin.com\/in\/ludivine-brion-24541186\/"]}]}},"_links":{"self":[{"href":"https:\/\/ellebedesign.com\/index.php\/wp-json\/wp\/v2\/pages\/3","targetHints":{"allow":["GET"]}}],"collection":[{"href":"https:\/\/ellebedesign.com\/index.php\/wp-json\/wp\/v2\/pages"}],"about":[{"href":"https:\/\/ellebedesign.com\/index.php\/wp-json\/wp\/v2\/types\/page"}],"author":[{"embeddable":true,"href":"https:\/\/ellebedesign.com\/index.php\/wp-json\/wp\/v2\/users\/1"}],"replies":[{"embeddable":true,"href":"https:\/\/ellebedesign.com\/index.php\/wp-json\/wp\/v2\/comments?post=3"}],"version-history":[{"count":14,"href":"https:\/\/ellebedesign.com\/index.php\/wp-json\/wp\/v2\/pages\/3\/revisions"}],"predecessor-version":[{"id":3513,"href":"https:\/\/ellebedesign.com\/index.php\/wp-json\/wp\/v2\/pages\/3\/revisions\/3513"}],"up":[{"embeddable":true,"href":"https:\/\/ellebedesign.com\/index.php\/wp-json\/wp\/v2\/pages\/772"}],"wp:attachment":[{"href":"https:\/\/ellebedesign.com\/index.php\/wp-json\/wp\/v2\/media?parent=3"}],"curies":[{"name":"wp","href":"https:\/\/api.w.org\/{rel}","templated":true}]}}