{"id":4554,"date":"2026-02-17T01:27:16","date_gmt":"2026-02-17T00:27:16","guid":{"rendered":"https:\/\/ellebedesign.com\/?page_id=4554"},"modified":"2026-02-17T02:33:47","modified_gmt":"2026-02-17T01:33:47","slug":"golden-hour-audit","status":"publish","type":"page","link":"https:\/\/ellebedesign.com\/index.php\/golden-hour-audit\/","title":{"rendered":"Golden Hour &#8211; Audit"},"content":{"rendered":"\n<div class=\"wp-block-group alignfull has-white-background-color has-background is-layout-constrained wp-block-group-is-layout-constrained\" style=\"margin-top:0;margin-bottom:0;padding-top:7rem;padding-bottom:7rem\">\n<div class=\"wp-block-columns is-not-stacked-on-mobile is-layout-flex wp-container-core-columns-is-layout-20bb992b wp-block-columns-is-layout-flex\" style=\"margin-top:0;margin-bottom:0;padding-top:0;padding-right:0;padding-bottom:0;padding-left:0\">\n<div class=\"wp-block-column is-vertically-aligned-stretch is-layout-flow wp-container-core-column-is-layout-15ea44a4 wp-block-column-is-layout-flow\" style=\"flex-basis:35%\">\n<p class=\"has-large-font-size\" style=\"margin-bottom:var(--wp--preset--spacing--40)\"><span style=\"color: var(--theme-palette-color-1, #ECA838);\" class=\"stk-highlight\"><strong>Clarifie ton positionnement gr\u00e2ce \u00e0 l&rsquo;audit Golden Hour<\/strong><\/span><\/p>\n\n\n\n<p class=\"has-black-color has-text-color has-link-color has-medium-font-size wp-elements-5ef08e7c900c790b03b8080f5cad2a71\" style=\"margin-bottom:66px\"><span style=\"color: var(--theme-palette-color-3, #707070);\" class=\"stk-highlight\">On commence par <\/span><span style=\"color: var(--theme-palette-color-1, #ECA838);\" class=\"stk-highlight\">faire le point<\/span><span style=\"color: var(--theme-palette-color-3, #707070);\" class=\"stk-highlight\"> sur ta communication actuelle,<\/span><span style=\"color: var(--theme-palette-color-1, #ECA838);\" class=\"stk-highlight\"> identifier <\/span><span style=\"color: var(--theme-palette-color-3, #707070);\" class=\"stk-highlight\">ce qui fonctionne, ce qui bloque,<br>et <\/span><span style=\"color: var(--theme-palette-color-1, #ECA838);\" class=\"stk-highlight\">mettre en lumi\u00e8re des pistes d\u2019am\u00e9lioration.<\/span><\/p>\n\n\n\n<div class=\"wp-block-buttons is-content-justification-left is-layout-flex wp-container-core-buttons-is-layout-597f9e3b wp-block-buttons-is-layout-flex\">\n<div class=\"wp-block-button is-style-fill\"><a class=\"wp-block-button__link has-custom-font-size wp-element-button\" style=\"border-radius:8px;padding-top:15px;padding-right:25px;padding-bottom:15px;padding-left:25px;font-size:clamp(14px, 0.875rem + ((1vw - 3.2px) * 0.313), 18px);font-style:normal;font-weight:600\">R\u00e9server un audit<\/a><\/div>\n<\/div>\n\n\n\n<p class=\"has-black-color has-text-color has-link-color has-medium-font-size wp-elements-bfed8a00fe6df88b8bbf53b05bcadd1d\" style=\"margin-bottom:30px\"><span style=\"color: var(--theme-palette-color-3, #707070);\" class=\"stk-highlight\"><em><strong>*<\/strong> Solde avant rendez-vous.<br> D\u00e9duits du tarif d&rsquo;un accompagnement<\/em><\/span><\/p>\n<\/div>\n\n\n\n<div class=\"wp-block-column is-vertically-aligned-top is-layout-flow wp-block-column-is-layout-flow\">\n<div class=\"wp-block-columns has-palette-color-5-background-color has-background is-layout-flex wp-container-core-columns-is-layout-a816d1b2 wp-block-columns-is-layout-flex\" style=\"border-radius:20px;margin-bottom:30px;padding-top:30px;padding-right:30px;padding-bottom:30px;padding-left:30px\">\n<div class=\"wp-block-column is-vertically-aligned-top is-layout-flow wp-block-column-is-layout-flow\" style=\"flex-basis:40%\">\n<div class=\"wp-block-stackable-heading stk-block-heading stk-block-heading--v2 stk-block stk-6b1e814\" id=\"title-1-placeholder\" data-block-id=\"6b1e814\"><style>.stk-6b1e814 {margin-bottom:20px !important;}.stk-6b1e814 .stk-block-heading__text{font-size:30px !important;}@media screen and (max-width:999px){.stk-6b1e814 .stk-block-heading__text{font-size:30px !important;}}<\/style><h2 class=\"stk-block-heading__text has-text-align-left\"><strong><span style=\"color: var(--theme-palette-color-2, #313B46);\" class=\"stk-highlight\">Format <\/span><\/strong><br><strong><span style=\"color: var(--theme-palette-color-2, #313B46);\" class=\"stk-highlight\">et dur\u00e9e<\/span><\/strong><\/h2><\/div>\n\n\n\n<p class=\"has-white-color has-text-color has-link-color wp-elements-374ddcfde3590e26deb557a9e4749930\" style=\"margin-top:0px;margin-bottom:0px;font-size:clamp(14px, 0.875rem + ((1vw - 3.2px) * 0.469), 20px);line-height:1.2\"><span style=\"color: var(--theme-palette-color-2, #313B46);\" class=\"stk-highlight\">Entretien individuel de 1h \u00e0 1h30 en visioconf\u00e9rence ou en pr\u00e9sentiel.<br><br>Remise d\u2019un document PDF personnalis\u00e9 <br><em>sous 72 heures ouvr\u00e9s<\/em>.<\/span><\/p>\n<\/div>\n\n\n\n<div class=\"wp-block-column is-vertically-aligned-center is-layout-flow wp-block-column-is-layout-flow\" style=\"flex-basis:50%\">\n<div class=\"wp-block-stackable-heading stk-block-heading stk-block-heading--v2 stk-block stk-5089d9e\" id=\"title-1-placeholder\" data-block-id=\"5089d9e\"><style>.stk-5089d9e {margin-bottom:0px !important;}.stk-5089d9e .stk-block-heading__text{font-size:30px !important;}@media screen and (max-width:999px){.stk-5089d9e .stk-block-heading__text{font-size:30px !important;}}<\/style><h2 class=\"stk-block-heading__text has-text-align-left\"><span style=\"color: var(--theme-palette-color-2, #313B46);\" class=\"stk-highlight\"><strong>R\u00e9sultats<\/strong><\/span><\/h2><\/div>\n\n\n\n<ul style=\"padding-right:var(--wp--preset--spacing--20);padding-left:var(--wp--preset--spacing--20)\" class=\"wp-block-list has-palette-color-2-color has-text-color has-link-color wp-elements-5706e768c89e17d7aaef40462319c071\">\n<li class=\"has-palette-color-2-color has-text-color has-link-color wp-elements-1025b55542925a95d7d424066018fd91\"><span style=\"color: var(--theme-palette-color-2, #313B46);\" class=\"stk-highlight\">Tu repars avec une vision claire et concr\u00e8te de ta communication, et une feuille de route personnalis\u00e9e pour avancer en autonomie.<\/span><\/li>\n\n\n\n<li><span style=\"color: var(--theme-palette-color-2, #313B46);\" class=\"stk-highlight\">Tu retrouves de la clart\u00e9, de la confiance et l\u2019envie d\u2019agir sereinement.<\/span><\/li>\n\n\n\n<li><span style=\"color: var(--theme-palette-color-2, #313B46);\" class=\"stk-highlight\">Tu sais exactement sur quels leviers concentrer ton \u00e9nergie pour am\u00e9liorer ta visibilit\u00e9 dans les trois \u00e0 six mois \u00e0 venir.<\/span><\/li>\n<\/ul>\n<\/div>\n<\/div>\n\n\n\n<div class=\"wp-block-columns is-not-stacked-on-mobile has-border-color has-palette-color-1-border-color is-layout-flex wp-container-core-columns-is-layout-b029f365 wp-block-columns-is-layout-flex\" style=\"border-style:solid;border-width:2px;border-radius:20px;padding-top:30px;padding-right:30px;padding-bottom:30px;padding-left:30px\">\n<div class=\"wp-block-column is-vertically-aligned-center is-layout-flow wp-block-column-is-layout-flow\" style=\"flex-basis:25%\">\n<p class=\"has-text-align-center has-black-color has-text-color has-link-color wp-elements-2eaf3e87c21e59d37f50a496e7b89b10\" style=\"margin-top:0px;margin-bottom:0px;font-size:clamp(28.836px, 1.802rem + ((1vw - 3.2px) * 1.653), 50px);font-style:normal;font-weight:900;line-height:1\"><span style=\"color: var(--theme-palette-color-2, #313B46);\" class=\"stk-highlight\">60\u20ac* <\/span><strong><span style=\"color: var(--theme-palette-color-5, #E2E5EB);\" class=\"stk-highlight\">HT<\/span><\/strong><\/p>\n<\/div>\n\n\n\n<div class=\"wp-block-column is-layout-flow wp-container-core-column-is-layout-8a368f38 wp-block-column-is-layout-flow\" style=\"border-style:none;border-width:0px\">\n<div class=\"wp-block-group is-nowrap is-layout-flex wp-container-core-group-is-layout-ca52a2b2 wp-block-group-is-layout-flex\" style=\"margin-bottom:10px\">\n<figure class=\"wp-block-image size-full is-resized\"><img decoding=\"async\" src=\"https:\/\/ellebedesign.com\/wp-content\/themes\/blocksy\/inc\/components\/patterns\/assets\/pattern-check-mark.svg\" alt=\"\" class=\"wp-image-7800\" style=\"object-fit:contain;width:22px;height:22px\"\/><\/figure>\n\n\n\n<p class=\"has-black-color has-text-color has-link-color wp-elements-8e5f83ffc15003e2b2aaac5334d99796\" style=\"font-size:clamp(14px, 0.875rem + ((1vw - 3.2px) * 0.156), 16px);font-style:normal;font-weight:500\">PDF r\u00e9capitulatif de l\u2019audit<\/p>\n<\/div>\n\n\n\n<div class=\"wp-block-group is-nowrap is-layout-flex wp-container-core-group-is-layout-ca52a2b2 wp-block-group-is-layout-flex\" style=\"margin-bottom:10px\">\n<figure class=\"wp-block-image size-full is-resized\"><img decoding=\"async\" src=\"https:\/\/ellebedesign.com\/wp-content\/themes\/blocksy\/inc\/components\/patterns\/assets\/pattern-check-mark.svg\" alt=\"\" class=\"wp-image-7800\" style=\"object-fit:contain;width:22px;height:22px\"\/><\/figure>\n\n\n\n<p class=\"has-black-color has-text-color has-link-color wp-elements-565701abef09cb1694728db9b3480d60\" style=\"font-size:clamp(14px, 0.875rem + ((1vw - 3.2px) * 0.156), 16px);font-style:normal;font-weight:500\">Conseils personnalis\u00e9s et prioris\u00e9s<\/p>\n<\/div>\n\n\n\n<div class=\"wp-block-group is-nowrap is-layout-flex wp-container-core-group-is-layout-ca52a2b2 wp-block-group-is-layout-flex\" style=\"margin-bottom:10px\">\n<figure class=\"wp-block-image size-full is-resized\"><img decoding=\"async\" src=\"https:\/\/ellebedesign.com\/wp-content\/themes\/blocksy\/inc\/components\/patterns\/assets\/pattern-check-mark.svg\" alt=\"\" class=\"wp-image-7800\" style=\"object-fit:contain;width:22px;height:22px\"\/><\/figure>\n\n\n\n<p class=\"has-black-color has-text-color has-link-color wp-elements-786dba53fb0e03c375cba3adc336a069\" style=\"font-size:clamp(14px, 0.875rem + ((1vw - 3.2px) * 0.156), 16px);font-style:normal;font-weight:500\">Feuille de route 3 \u00e0 6 mois<\/p>\n<\/div>\n\n\n\n<div class=\"wp-block-group is-nowrap is-layout-flex wp-container-core-group-is-layout-ca52a2b2 wp-block-group-is-layout-flex\" style=\"margin-bottom:10px\">\n<figure class=\"wp-block-image size-full is-resized\"><img decoding=\"async\" src=\"https:\/\/ellebedesign.com\/wp-content\/themes\/blocksy\/inc\/components\/patterns\/assets\/pattern-check-mark.svg\" alt=\"\" class=\"wp-image-7800\" style=\"object-fit:contain;width:22px;height:22px\"\/><\/figure>\n\n\n\n<p class=\"has-black-color has-text-color has-link-color wp-elements-1d2698d43593f5df39b003e12a3888ce\" style=\"font-size:clamp(14px, 0.875rem + ((1vw - 3.2px) * 0.156), 16px);font-style:normal;font-weight:500\">Accompagnement adapt\u00e9 propos\u00e9<\/p>\n<\/div>\n<\/div>\n<\/div>\n<\/div>\n<\/div>\n\n\n\n<p class=\"has-text-align-center\" style=\"margin-top:var(--wp--preset--spacing--40)\"><em>Un doute ? <a href=\"https:\/\/ellebedesign.com\/index.php\/accueil\/tarifs\/\" type=\"page\" id=\"4315\" target=\"_blank\" rel=\"noreferrer noopener\">Comparer les diff\u00e9rentes prestations<\/a>.<\/em><\/p>\n<\/div>\n","protected":false},"excerpt":{"rendered":"<p>L&rsquo;audit Golden Hour est id\u00e9al pour faire le point sur ta communication actuelle, identifier ce qui fonctionne, ce qui bloque,<br \/>\net mettre en lumi\u00e8re des pistes d\u2019am\u00e9lioration.<\/p>\n","protected":false},"author":1,"featured_media":4031,"parent":0,"menu_order":0,"comment_status":"closed","ping_status":"closed","template":"","meta":{"_monsterinsights_skip_tracking":false,"_monsterinsights_sitenote_active":false,"_monsterinsights_sitenote_note":"","_monsterinsights_sitenote_category":0,"footnotes":""},"class_list":["post-4554","page","type-page","status-publish","has-post-thumbnail","hentry"],"blocksy_meta":[],"yoast_head":"<!-- This site is optimized with the Yoast SEO plugin v27.3 - https:\/\/yoast.com\/product\/yoast-seo-wordpress\/ -->\n<title>Golden Hour - Audit ~ eLLeBe Design<\/title>\n<meta name=\"robots\" content=\"index, follow, max-snippet:-1, max-image-preview:large, max-video-preview:-1\" \/>\n<link rel=\"canonical\" href=\"https:\/\/ellebedesign.com\/index.php\/golden-hour-audit\/\" \/>\n<meta property=\"og:locale\" content=\"fr_FR\" \/>\n<meta property=\"og:type\" content=\"article\" \/>\n<meta property=\"og:title\" content=\"Golden Hour - Audit ~ eLLeBe Design\" \/>\n<meta property=\"og:description\" content=\"L&#039;audit Golden Hour est id\u00e9al pour faire le point sur ta communication actuelle, identifier ce qui fonctionne, ce qui bloque, et mettre en lumi\u00e8re des pistes d\u2019am\u00e9lioration.\" \/>\n<meta property=\"og:url\" content=\"https:\/\/ellebedesign.com\/index.php\/golden-hour-audit\/\" \/>\n<meta property=\"og:site_name\" content=\"eLLeBe Design\" \/>\n<meta property=\"article:publisher\" content=\"https:\/\/www.facebook.com\/profile.php?id=100092258326348&amp;locale=fr_FR\" \/>\n<meta property=\"article:modified_time\" content=\"2026-02-17T01:33:47+00:00\" \/>\n<meta property=\"og:image\" content=\"https:\/\/ellebedesign.com\/wp-content\/uploads\/2025\/11\/Logo-icones.png\" \/>\n\t<meta property=\"og:image:width\" content=\"1508\" \/>\n\t<meta property=\"og:image:height\" content=\"1495\" \/>\n\t<meta property=\"og:image:type\" content=\"image\/png\" \/>\n<meta name=\"twitter:card\" content=\"summary_large_image\" \/>\n<meta name=\"twitter:label1\" content=\"Dur\u00e9e de lecture estim\u00e9e\" \/>\n\t<meta name=\"twitter:data1\" content=\"2 minutes\" \/>\n<script type=\"application\/ld+json\" class=\"yoast-schema-graph\">{\"@context\":\"https:\\\/\\\/schema.org\",\"@graph\":[{\"@type\":\"WebPage\",\"@id\":\"https:\\\/\\\/ellebedesign.com\\\/index.php\\\/golden-hour-audit\\\/\",\"url\":\"https:\\\/\\\/ellebedesign.com\\\/index.php\\\/golden-hour-audit\\\/\",\"name\":\"Golden Hour - Audit ~ eLLeBe Design\",\"isPartOf\":{\"@id\":\"https:\\\/\\\/ellebedesign.com\\\/#website\"},\"primaryImageOfPage\":{\"@id\":\"https:\\\/\\\/ellebedesign.com\\\/index.php\\\/golden-hour-audit\\\/#primaryimage\"},\"image\":{\"@id\":\"https:\\\/\\\/ellebedesign.com\\\/index.php\\\/golden-hour-audit\\\/#primaryimage\"},\"thumbnailUrl\":\"https:\\\/\\\/ellebedesign.com\\\/wp-content\\\/uploads\\\/2025\\\/11\\\/Logo-icones.png\",\"datePublished\":\"2026-02-17T00:27:16+00:00\",\"dateModified\":\"2026-02-17T01:33:47+00:00\",\"breadcrumb\":{\"@id\":\"https:\\\/\\\/ellebedesign.com\\\/index.php\\\/golden-hour-audit\\\/#breadcrumb\"},\"inLanguage\":\"fr-FR\",\"potentialAction\":[{\"@type\":\"ReadAction\",\"target\":[\"https:\\\/\\\/ellebedesign.com\\\/index.php\\\/golden-hour-audit\\\/\"]}]},{\"@type\":\"ImageObject\",\"inLanguage\":\"fr-FR\",\"@id\":\"https:\\\/\\\/ellebedesign.com\\\/index.php\\\/golden-hour-audit\\\/#primaryimage\",\"url\":\"https:\\\/\\\/ellebedesign.com\\\/wp-content\\\/uploads\\\/2025\\\/11\\\/Logo-icones.png\",\"contentUrl\":\"https:\\\/\\\/ellebedesign.com\\\/wp-content\\\/uploads\\\/2025\\\/11\\\/Logo-icones.png\",\"width\":1508,\"height\":1495,\"caption\":\"charg\u00e9e de communication web et terrain\"},{\"@type\":\"BreadcrumbList\",\"@id\":\"https:\\\/\\\/ellebedesign.com\\\/index.php\\\/golden-hour-audit\\\/#breadcrumb\",\"itemListElement\":[{\"@type\":\"ListItem\",\"position\":1,\"name\":\"Accueil\",\"item\":\"https:\\\/\\\/ellebedesign.com\\\/\"},{\"@type\":\"ListItem\",\"position\":2,\"name\":\"Golden Hour &#8211; Audit\"}]},{\"@type\":\"WebSite\",\"@id\":\"https:\\\/\\\/ellebedesign.com\\\/#website\",\"url\":\"https:\\\/\\\/ellebedesign.com\\\/\",\"name\":\"eLLeBe Design\",\"description\":\"Un projet qui rayonne, \u00e7a commence par ta com&#039; !\",\"publisher\":{\"@id\":\"https:\\\/\\\/ellebedesign.com\\\/#organization\"},\"potentialAction\":[{\"@type\":\"SearchAction\",\"target\":{\"@type\":\"EntryPoint\",\"urlTemplate\":\"https:\\\/\\\/ellebedesign.com\\\/?s={search_term_string}\"},\"query-input\":{\"@type\":\"PropertyValueSpecification\",\"valueRequired\":true,\"valueName\":\"search_term_string\"}}],\"inLanguage\":\"fr-FR\"},{\"@type\":\"Organization\",\"@id\":\"https:\\\/\\\/ellebedesign.com\\\/#organization\",\"name\":\"eLLeBe Design\",\"url\":\"https:\\\/\\\/ellebedesign.com\\\/\",\"logo\":{\"@type\":\"ImageObject\",\"inLanguage\":\"fr-FR\",\"@id\":\"https:\\\/\\\/ellebedesign.com\\\/#\\\/schema\\\/logo\\\/image\\\/\",\"url\":\"https:\\\/\\\/ellebedesign.com\\\/wp-content\\\/uploads\\\/2023\\\/11\\\/eLLeBe_logo-square.png\",\"contentUrl\":\"https:\\\/\\\/ellebedesign.com\\\/wp-content\\\/uploads\\\/2023\\\/11\\\/eLLeBe_logo-square.png\",\"width\":4501,\"height\":4501,\"caption\":\"eLLeBe Design\"},\"image\":{\"@id\":\"https:\\\/\\\/ellebedesign.com\\\/#\\\/schema\\\/logo\\\/image\\\/\"},\"sameAs\":[\"https:\\\/\\\/www.facebook.com\\\/profile.php?id=100092258326348&locale=fr_FR\",\"https:\\\/\\\/www.instagram.com\\\/ellebe_design\\\/\",\"https:\\\/\\\/www.linkedin.com\\\/in\\\/ludivine-brion-24541186\\\/\"]}]}<\/script>\n<!-- \/ Yoast SEO plugin. -->","yoast_head_json":{"title":"Golden Hour - Audit ~ eLLeBe Design","robots":{"index":"index","follow":"follow","max-snippet":"max-snippet:-1","max-image-preview":"max-image-preview:large","max-video-preview":"max-video-preview:-1"},"canonical":"https:\/\/ellebedesign.com\/index.php\/golden-hour-audit\/","og_locale":"fr_FR","og_type":"article","og_title":"Golden Hour - Audit ~ eLLeBe Design","og_description":"L'audit Golden Hour est id\u00e9al pour faire le point sur ta communication actuelle, identifier ce qui fonctionne, ce qui bloque, et mettre en lumi\u00e8re des pistes d\u2019am\u00e9lioration.","og_url":"https:\/\/ellebedesign.com\/index.php\/golden-hour-audit\/","og_site_name":"eLLeBe Design","article_publisher":"https:\/\/www.facebook.com\/profile.php?id=100092258326348&locale=fr_FR","article_modified_time":"2026-02-17T01:33:47+00:00","og_image":[{"width":1508,"height":1495,"url":"https:\/\/ellebedesign.com\/wp-content\/uploads\/2025\/11\/Logo-icones.png","type":"image\/png"}],"twitter_card":"summary_large_image","twitter_misc":{"Dur\u00e9e de lecture estim\u00e9e":"2 minutes"},"schema":{"@context":"https:\/\/schema.org","@graph":[{"@type":"WebPage","@id":"https:\/\/ellebedesign.com\/index.php\/golden-hour-audit\/","url":"https:\/\/ellebedesign.com\/index.php\/golden-hour-audit\/","name":"Golden Hour - Audit ~ eLLeBe Design","isPartOf":{"@id":"https:\/\/ellebedesign.com\/#website"},"primaryImageOfPage":{"@id":"https:\/\/ellebedesign.com\/index.php\/golden-hour-audit\/#primaryimage"},"image":{"@id":"https:\/\/ellebedesign.com\/index.php\/golden-hour-audit\/#primaryimage"},"thumbnailUrl":"https:\/\/ellebedesign.com\/wp-content\/uploads\/2025\/11\/Logo-icones.png","datePublished":"2026-02-17T00:27:16+00:00","dateModified":"2026-02-17T01:33:47+00:00","breadcrumb":{"@id":"https:\/\/ellebedesign.com\/index.php\/golden-hour-audit\/#breadcrumb"},"inLanguage":"fr-FR","potentialAction":[{"@type":"ReadAction","target":["https:\/\/ellebedesign.com\/index.php\/golden-hour-audit\/"]}]},{"@type":"ImageObject","inLanguage":"fr-FR","@id":"https:\/\/ellebedesign.com\/index.php\/golden-hour-audit\/#primaryimage","url":"https:\/\/ellebedesign.com\/wp-content\/uploads\/2025\/11\/Logo-icones.png","contentUrl":"https:\/\/ellebedesign.com\/wp-content\/uploads\/2025\/11\/Logo-icones.png","width":1508,"height":1495,"caption":"charg\u00e9e de communication web et terrain"},{"@type":"BreadcrumbList","@id":"https:\/\/ellebedesign.com\/index.php\/golden-hour-audit\/#breadcrumb","itemListElement":[{"@type":"ListItem","position":1,"name":"Accueil","item":"https:\/\/ellebedesign.com\/"},{"@type":"ListItem","position":2,"name":"Golden Hour &#8211; Audit"}]},{"@type":"WebSite","@id":"https:\/\/ellebedesign.com\/#website","url":"https:\/\/ellebedesign.com\/","name":"eLLeBe Design","description":"Un projet qui rayonne, \u00e7a commence par ta com&#039; !","publisher":{"@id":"https:\/\/ellebedesign.com\/#organization"},"potentialAction":[{"@type":"SearchAction","target":{"@type":"EntryPoint","urlTemplate":"https:\/\/ellebedesign.com\/?s={search_term_string}"},"query-input":{"@type":"PropertyValueSpecification","valueRequired":true,"valueName":"search_term_string"}}],"inLanguage":"fr-FR"},{"@type":"Organization","@id":"https:\/\/ellebedesign.com\/#organization","name":"eLLeBe Design","url":"https:\/\/ellebedesign.com\/","logo":{"@type":"ImageObject","inLanguage":"fr-FR","@id":"https:\/\/ellebedesign.com\/#\/schema\/logo\/image\/","url":"https:\/\/ellebedesign.com\/wp-content\/uploads\/2023\/11\/eLLeBe_logo-square.png","contentUrl":"https:\/\/ellebedesign.com\/wp-content\/uploads\/2023\/11\/eLLeBe_logo-square.png","width":4501,"height":4501,"caption":"eLLeBe Design"},"image":{"@id":"https:\/\/ellebedesign.com\/#\/schema\/logo\/image\/"},"sameAs":["https:\/\/www.facebook.com\/profile.php?id=100092258326348&locale=fr_FR","https:\/\/www.instagram.com\/ellebe_design\/","https:\/\/www.linkedin.com\/in\/ludivine-brion-24541186\/"]}]}},"_links":{"self":[{"href":"https:\/\/ellebedesign.com\/index.php\/wp-json\/wp\/v2\/pages\/4554","targetHints":{"allow":["GET"]}}],"collection":[{"href":"https:\/\/ellebedesign.com\/index.php\/wp-json\/wp\/v2\/pages"}],"about":[{"href":"https:\/\/ellebedesign.com\/index.php\/wp-json\/wp\/v2\/types\/page"}],"author":[{"embeddable":true,"href":"https:\/\/ellebedesign.com\/index.php\/wp-json\/wp\/v2\/users\/1"}],"replies":[{"embeddable":true,"href":"https:\/\/ellebedesign.com\/index.php\/wp-json\/wp\/v2\/comments?post=4554"}],"version-history":[{"count":31,"href":"https:\/\/ellebedesign.com\/index.php\/wp-json\/wp\/v2\/pages\/4554\/revisions"}],"predecessor-version":[{"id":4603,"href":"https:\/\/ellebedesign.com\/index.php\/wp-json\/wp\/v2\/pages\/4554\/revisions\/4603"}],"wp:featuredmedia":[{"embeddable":true,"href":"https:\/\/ellebedesign.com\/index.php\/wp-json\/wp\/v2\/media\/4031"}],"wp:attachment":[{"href":"https:\/\/ellebedesign.com\/index.php\/wp-json\/wp\/v2\/media?parent=4554"}],"curies":[{"name":"wp","href":"https:\/\/api.w.org\/{rel}","templated":true}]}}